{"id":233,"date":"2023-05-22T12:08:47","date_gmt":"2023-05-22T12:08:47","guid":{"rendered":"https:\/\/ugsteste.silvanosilva.com\/?page_id=233"},"modified":"2023-05-22T12:08:47","modified_gmt":"2023-05-22T12:08:47","slug":"comunicacao-empresarial-e-linguais","status":"publish","type":"page","link":"https:\/\/ugs.edu.ao\/index.php\/comunicacao-empresarial-e-linguais\/","title":{"rendered":"Comunica\u00e7\u00e3o Empresarial e L\u00ednguais"},"content":{"rendered":"","protected":false},"excerpt":{"rendered":"","protected":false},"author":1,"featured_media":0,"parent":0,"menu_order":0,"comment_status":"closed","ping_status":"closed","template":"","meta":{"_uf_show_specific_survey":0,"_uf_disable_surveys":false,"footnotes":""},"class_list":["post-233","page","type-page","status-publish","hentry"],"_links":{"self":[{"href":"https:\/\/ugs.edu.ao\/index.php\/wp-json\/wp\/v2\/pages\/233"}],"collection":[{"href":"https:\/\/ugs.edu.ao\/index.php\/wp-json\/wp\/v2\/pages"}],"about":[{"href":"https:\/\/ugs.edu.ao\/index.php\/wp-json\/wp\/v2\/types\/page"}],"author":[{"embeddable":true,"href":"https:\/\/ugs.edu.ao\/index.php\/wp-json\/wp\/v2\/users\/1"}],"replies":[{"embeddable":true,"href":"https:\/\/ugs.edu.ao\/index.php\/wp-json\/wp\/v2\/comments?post=233"}],"version-history":[{"count":1,"href":"https:\/\/ugs.edu.ao\/index.php\/wp-json\/wp\/v2\/pages\/233\/revisions"}],"predecessor-version":[{"id":234,"href":"https:\/\/ugs.edu.ao\/index.php\/wp-json\/wp\/v2\/pages\/233\/revisions\/234"}],"wp:attachment":[{"href":"https:\/\/ugs.edu.ao\/index.php\/wp-json\/wp\/v2\/media?parent=233"}],"curies":[{"name":"wp","href":"https:\/\/api.w.org\/{rel}","templated":true}]}}